{"id":554,"date":"2020-07-08T13:46:12","date_gmt":"2020-07-08T11:46:12","guid":{"rendered":"https:\/\/flying-drones.ch\/?page_id=554"},"modified":"2021-04-07T11:08:39","modified_gmt":"2021-04-07T09:08:39","slug":"videos","status":"publish","type":"page","link":"https:\/\/flying-drones.ch\/?page_id=554","title":{"rendered":"Videos"},"content":{"rendered":"<div data-colibri-id=\"554-c1\" class=\"style-578 style-local-554-c1 position-relative\">\n  <!---->\n  <div data-colibri-component=\"section\" data-colibri-id=\"554-c2\" id=\"custom\" class=\"h-section h-section-global-spacing d-flex align-items-lg-center align-items-md-center align-items-center style-620 style-local-554-c2 position-relative\">\n    <!---->\n    <!---->\n    <div class=\"h-section-grid-container h-section-boxed-container\">\n      <!---->\n      <div data-colibri-id=\"554-c3\" class=\"h-row-container gutters-row-lg-2 gutters-row-md-2 gutters-row-0 gutters-row-v-lg-2 gutters-row-v-md-2 gutters-row-v-2 style-621 style-local-554-c3 position-relative\">\n        <!---->\n        <div class=\"h-row justify-content-lg-center justify-content-md-center justify-content-center align-items-lg-stretch align-items-md-stretch align-items-stretch gutters-col-lg-2 gutters-col-md-2 gutters-col-0 gutters-col-v-lg-2 gutters-col-v-md-2 gutters-col-v-2\">\n          <!---->\n          <div class=\"h-column h-column-container d-flex h-col-lg-auto h-col-md-auto h-col-auto style-622-outer style-local-554-c4-outer\">\n            <div data-colibri-id=\"554-c4\" class=\"d-flex h-flex-basis h-column__inner h-px-lg-2 h-px-md-2 h-px-2 v-inner-lg-2 v-inner-md-2 v-inner-2 style-622 style-local-554-c4 position-relative\">\n              <!---->\n              <!---->\n              <div class=\"w-100 h-y-container h-column__content h-column__v-align flex-basis-100 align-self-lg-start align-self-md-start align-self-start\">\n                <!---->\n                <div data-colibri-id=\"554-c5\" class=\"h-row-container gutters-row-lg-2 gutters-row-md-2 gutters-row-0 gutters-row-v-lg-2 gutters-row-v-md-2 gutters-row-v-2 style-672 style-local-554-c5 position-relative\">\n                  <!---->\n                  <div class=\"h-row justify-content-lg-center justify-content-md-center justify-content-center align-items-lg-stretch align-items-md-stretch align-items-stretch gutters-col-lg-2 gutters-col-md-2 gutters-col-0 gutters-col-v-lg-2 gutters-col-v-md-2 gutters-col-v-2\">\n                    <!---->\n                    <div class=\"h-column h-column-container d-flex h-col-lg-auto h-col-md-auto h-col-auto style-673-outer style-local-554-c6-outer\">\n                      <div data-colibri-id=\"554-c6\" class=\"d-flex h-flex-basis h-column__inner h-px-lg-2 h-px-md-2 h-px-2 v-inner-lg-2 v-inner-md-2 v-inner-2 style-673 style-local-554-c6 position-relative\">\n                        <!---->\n                        <!---->\n                        <div class=\"w-100 h-y-container h-column__content h-column__v-align flex-basis-100 align-self-lg-start align-self-md-start align-self-start\">\n                          <!---->\n                          <div data-colibri-id=\"554-c7\" class=\"h-text h-text-component style-675 style-local-554-c7 position-relative h-element\">\n                            <!---->\n                            <!---->\n                            <div class=\"\">\n                              <p>Hier finden Sie mein\ufeffe einzigartige und ungew\u00f6hnlichen Aufnahmen, aus welchen Blickwinkeln Sie die Schweiz sicher noch nicht gesehen haben. Zum Beispiel: Luzern als Geisterstadt im Lock Down. Oder wie w\u00e4re es mit dem ausgetrocknetem\n                                Sihlsee. Ich w\u00fcnsche viel Vergn\u00fcgen beim Anschauen.<\/p>\n                            <\/div>\n                          <\/div>\n                        <\/div>\n                      <\/div>\n                    <\/div>\n                    <div class=\"h-column h-column-container d-flex h-col-lg-auto h-col-md-auto h-col-auto style-674-outer style-local-554-c8-outer\">\n                      <div data-colibri-id=\"554-c8\" class=\"d-flex h-flex-basis h-column__inner h-px-lg-2 h-px-md-2 h-px-2 v-inner-lg-2 v-inner-md-2 v-inner-2 style-674 style-local-554-c8 position-relative\">\n                        <!---->\n                        <!---->\n                        <div class=\"w-100 h-y-container h-column__content h-column__v-align flex-basis-100 align-self-lg-start align-self-md-start align-self-start\">\n                          <!---->\n                          <div data-colibri-id=\"554-c9\" class=\"d-block style-676 style-local-554-c9 position-relative h-element\">\n                            <!---->\n                            <div class=\"h-image__frame-container-outer\">\n                              <div class=\"h-image__frame-container\">\n                                <!---->\n                                <!---->\n                                <img decoding=\"async\" loading=\"lazy\" width=\"2560\" height=\"1440\" src=\"https:\/\/flying-drones.ch\/wp-content\/uploads\/2020\/07\/IMG_9995-scaled.jpg\" class=\"wp-image-682 style-676-image style-local-554-c9-image\" srcset=\"https:\/\/flying-drones.ch\/wp-content\/uploads\/2020\/07\/IMG_9995-scaled.jpg 2560w, https:\/\/flying-drones.ch\/wp-content\/uploads\/2020\/07\/IMG_9995-300x169.jpg 300w, https:\/\/flying-drones.ch\/wp-content\/uploads\/2020\/07\/IMG_9995-1024x576.jpg 1024w, https:\/\/flying-drones.ch\/wp-content\/uploads\/2020\/07\/IMG_9995-768x432.jpg 768w, https:\/\/flying-drones.ch\/wp-content\/uploads\/2020\/07\/IMG_9995-1536x864.jpg 1536w, https:\/\/flying-drones.ch\/wp-content\/uploads\/2020\/07\/IMG_9995-2048x1152.jpg 2048w\" sizes=\"(max-width: 2560px) 100vw, 2560px\" alt=\"\" \/>\n                                <div class=\"h-image__frame h-hide-lg h-hide-md h-hide-sm style-676-frameImage style-local-554-c9-frameImage\"><\/div>\n                              <\/div>\n                            <\/div>\n                          <\/div>\n                          <div data-colibri-id=\"554-c10\" class=\"h-x-container style-697 style-local-554-c10 position-relative h-element\">\n                            <!---->\n                            <div class=\"h-x-container-inner style-dynamic-554-c10-group style-697-spacing style-local-554-c10-spacing\"><span class=\"h-button__outer style-698-outer style-local-554-c11-outer d-inline-flex h-element\"><a h-use-smooth-scroll=\"true\" href=\"https:\/\/www.youtube.com\/channel\/UCVsJx580oVbvYWRVYOD8h9g?view_as=subscriber\"  data-colibri-id=\"554-c11\" class=\"d-flex w-100 align-items-center h-button justify-content-lg-center justify-content-md-center justify-content-center style-698 style-local-554-c11 position-relative\"><!----><!----> <span>Ab zum YouTube Kanal!<\/span><\/a>\n                              <\/span>\n                            <\/div>\n                          <\/div>\n                        <\/div>\n                      <\/div>\n                    <\/div>\n                  <\/div>\n                <\/div>\n              <\/div>\n            <\/div>\n          <\/div>\n        <\/div>\n      <\/div>\n    <\/div>\n  <\/div>\n  <div data-colibri-component=\"section\" data-colibri-id=\"554-c12\" id=\"custom-2\" class=\"h-section h-section-global-spacing d-flex align-items-lg-center align-items-md-center align-items-center style-623 style-local-554-c12 position-relative\">\n    <!---->\n    <!---->\n    <div class=\"h-section-grid-container h-section-fluid-container\">\n      <!---->\n      <div data-colibri-id=\"554-c13\" class=\"h-row-container gutters-row-lg-3 gutters-row-md-3 gutters-row-0 gutters-row-v-lg-3 gutters-row-v-md-3 gutters-row-v-3 style-624 style-local-554-c13 position-relative\">\n        <!---->\n        <div class=\"h-row justify-content-lg-center justify-content-md-center justify-content-center align-items-lg-stretch align-items-md-stretch align-items-stretch gutters-col-lg-3 gutters-col-md-3 gutters-col-0 gutters-col-v-lg-3 gutters-col-v-md-3 gutters-col-v-3\">\n          <!---->\n          <div class=\"h-column h-column-container d-flex h-col-lg-auto h-col-md-auto h-col-auto style-625-outer style-local-554-c14-outer\">\n            <div data-colibri-id=\"554-c14\" class=\"d-flex h-flex-basis h-column__inner h-px-lg-3 h-px-md-3 h-px-3 v-inner-lg-3 v-inner-md-3 v-inner-3 style-625 style-local-554-c14 position-relative\">\n              <!---->\n              <!---->\n              <div class=\"w-100 h-y-container h-column__content h-column__v-align flex-basis-100 align-self-lg-start align-self-md-start align-self-start\">\n                <!---->\n                <div data-colibri-component=\"video\" data-colibri-id=\"554-c15\" class=\"d-block h-video d-block h-video style-627 style-local-554-c15 position-relative h-element\">\n                  <!---->\n                  <!---->\n                  <div class=\"video-container position-relative\">\n                    <div class=\"h-global-transition-all ratio-inner\"><iframe src=https:\/\/www.youtube.com\/embed\/l1sWOQsSHb8?autoplay=1&amp;mute=0&amp;modestbranding=0&amp;rel=0&amp;enablejsapi=1&amp; class='h-video-main'allow=\"autoplay\"  allowfullscreen><\/iframe><\/div>\n                  <\/div>\n                <\/div>\n              <\/div>\n            <\/div>\n          <\/div>\n        <\/div>\n      <\/div>\n    <\/div>\n  <\/div>\n  <div data-colibri-component=\"section\" data-colibri-id=\"554-c17\" id=\"custom-3\" class=\"h-section h-section-global-spacing d-flex align-items-lg-center align-items-md-center align-items-center style-651 style-local-554-c17 position-relative\">\n    <!---->\n    <!---->\n    <div class=\"h-section-grid-container h-section-fluid-container\">\n      <!---->\n      <div data-colibri-id=\"554-c18\" class=\"h-row-container gutters-row-lg-2 gutters-row-md-2 gutters-row-0 gutters-row-v-lg-2 gutters-row-v-md-2 gutters-row-v-2 style-652 style-local-554-c18 position-relative\">\n        <!---->\n        <div class=\"h-row justify-content-lg-center justify-content-md-center justify-content-center align-items-lg-stretch align-items-md-stretch align-items-stretch gutters-col-lg-2 gutters-col-md-2 gutters-col-0 gutters-col-v-lg-2 gutters-col-v-md-2 gutters-col-v-2\">\n          <!---->\n          <div class=\"h-column h-column-container d-flex h-col-lg-4 h-col-md-4 h-col-12 style-653-outer style-local-554-c19-outer\">\n            <div data-colibri-id=\"554-c19\" class=\"d-flex h-flex-basis h-column__inner h-px-lg-2 h-px-md-2 h-px-2 v-inner-lg-2 v-inner-md-2 v-inner-2 style-653 style-local-554-c19 position-relative\">\n              <!---->\n              <!---->\n              <div class=\"w-100 h-y-container h-column__content h-column__v-align flex-basis-100 align-self-lg-start align-self-md-start align-self-start\">\n                <!---->\n                <div data-colibri-component=\"video\" data-colibri-id=\"554-c20\" class=\"d-block h-video d-block h-video style-667 style-local-554-c20 position-relative h-element\">\n                  <!---->\n                  <!---->\n                  <div class=\"video-container position-relative\">\n                    <div class=\"h-global-transition-all ratio-inner\"><iframe src=https:\/\/www.youtube.com\/embed\/nR0oaXIzpxU?autoplay=0&amp;mute=0&amp;modestbranding=0&amp;rel=0&amp;enablejsapi=1&amp; class='h-video-main'  allowfullscreen><\/iframe><\/div>\n                  <\/div>\n                <\/div>\n              <\/div>\n            <\/div>\n          <\/div>\n          <div class=\"h-column h-column-container d-flex h-col-lg-4 h-col-md-4 h-col-12 style-654-outer style-local-554-c22-outer\">\n            <div data-colibri-id=\"554-c22\" class=\"d-flex h-flex-basis h-column__inner h-px-lg-2 h-px-md-2 h-px-2 v-inner-lg-2 v-inner-md-2 v-inner-2 style-654 style-local-554-c22 position-relative\">\n              <!---->\n              <!---->\n              <div class=\"w-100 h-y-container h-column__content h-column__v-align flex-basis-100 align-self-lg-start align-self-md-start align-self-start\">\n                <!---->\n                <div data-colibri-component=\"video\" data-colibri-id=\"554-c23\" class=\"d-block h-video d-block h-video style-665 style-local-554-c23 position-relative h-element\">\n                  <!---->\n                  <!---->\n                  <div class=\"video-container position-relative\">\n                    <div class=\"h-global-transition-all ratio-inner\"><iframe src=https:\/\/www.youtube.com\/embed\/6tz4CdAr3aQ?autoplay=0&amp;mute=0&amp;modestbranding=0&amp;rel=0&amp;enablejsapi=1&amp; class='h-video-main'  allowfullscreen><\/iframe><\/div>\n                  <\/div>\n                <\/div>\n              <\/div>\n            <\/div>\n          <\/div>\n          <div class=\"h-column h-column-container d-flex h-col-lg-4 h-col-md-4 h-col-12 style-655-outer style-local-554-c25-outer\">\n            <div data-colibri-id=\"554-c25\" class=\"d-flex h-flex-basis h-column__inner h-px-lg-2 h-px-md-2 h-px-2 v-inner-lg-2 v-inner-md-2 v-inner-2 style-655 style-local-554-c25 position-relative\">\n              <!---->\n              <!---->\n              <div class=\"w-100 h-y-container h-column__content h-column__v-align flex-basis-100 align-self-lg-start align-self-md-start align-self-start\">\n                <!---->\n                <div data-colibri-component=\"video\" data-colibri-id=\"554-c26\" class=\"d-block h-video d-block h-video style-657 style-local-554-c26 position-relative h-element\">\n                  <!---->\n                  <!---->\n                  <div class=\"video-container position-relative\">\n                    <div class=\"h-global-transition-all ratio-inner\"><iframe src=https:\/\/www.youtube.com\/embed\/VFxhZhIZ2so?autoplay=0&amp;mute=0&amp;modestbranding=0&amp;rel=0&amp;enablejsapi=1&amp; class='h-video-main'  allowfullscreen><\/iframe><\/div>\n                  <\/div>\n                <\/div>\n              <\/div>\n            <\/div>\n          <\/div>\n        <\/div>\n      <\/div>\n    <\/div>\n  <\/div>\n  <div data-colibri-component=\"section\" data-colibri-id=\"554-c28\" id=\"custom-3\" class=\"h-section h-section-global-spacing d-flex align-items-lg-center align-items-md-center align-items-center style-651 style-local-554-c28 position-relative\">\n    <!---->\n    <!---->\n    <div class=\"h-section-grid-container h-section-fluid-container\">\n      <!---->\n      <div data-colibri-id=\"554-c29\" class=\"h-row-container gutters-row-lg-2 gutters-row-md-2 gutters-row-0 gutters-row-v-lg-2 gutters-row-v-md-2 gutters-row-v-2 style-652 style-local-554-c29 position-relative\">\n        <!---->\n        <div class=\"h-row justify-content-lg-center justify-content-md-center justify-content-center align-items-lg-stretch align-items-md-stretch align-items-stretch gutters-col-lg-2 gutters-col-md-2 gutters-col-0 gutters-col-v-lg-2 gutters-col-v-md-2 gutters-col-v-2\">\n          <!---->\n          <div class=\"h-column h-column-container d-flex h-col-lg-4 h-col-md-4 h-col-12 style-653-outer style-local-554-c30-outer\">\n            <div data-colibri-id=\"554-c30\" class=\"d-flex h-flex-basis h-column__inner h-px-lg-2 h-px-md-2 h-px-2 v-inner-lg-2 v-inner-md-2 v-inner-2 style-653 style-local-554-c30 position-relative\">\n              <!---->\n              <!---->\n              <div class=\"w-100 h-y-container h-column__content h-column__v-align flex-basis-100 align-self-lg-start align-self-md-start align-self-start\">\n                <!---->\n                <div data-colibri-component=\"video\" data-colibri-id=\"554-c31\" class=\"d-block h-video d-block h-video style-667 style-local-554-c31 position-relative h-element\">\n                  <!---->\n                  <!---->\n                  <div class=\"video-container position-relative\">\n                    <div class=\"h-global-transition-all ratio-inner\"><iframe src=https:\/\/www.youtube.com\/embed\/bAtLfir3FUo?autoplay=0&amp;mute=0&amp;modestbranding=0&amp;rel=0&amp;enablejsapi=1&amp; class='h-video-main'  allowfullscreen><\/iframe><\/div>\n                  <\/div>\n                <\/div>\n              <\/div>\n            <\/div>\n          <\/div>\n          <div class=\"h-column h-column-container d-flex h-col-lg-4 h-col-md-4 h-col-12 style-654-outer style-local-554-c33-outer\">\n            <div data-colibri-id=\"554-c33\" class=\"d-flex h-flex-basis h-column__inner h-px-lg-2 h-px-md-2 h-px-2 v-inner-lg-2 v-inner-md-2 v-inner-2 style-654 style-local-554-c33 position-relative\">\n              <!---->\n              <!---->\n              <div class=\"w-100 h-y-container h-column__content h-column__v-align flex-basis-100 align-self-lg-start align-self-md-start align-self-start\">\n                <!---->\n                <div data-colibri-component=\"video\" data-colibri-id=\"554-c34\" class=\"d-block h-video d-block h-video style-665 style-local-554-c34 position-relative h-element\">\n                  <!---->\n                  <!---->\n                  <div class=\"video-container position-relative\">\n                    <div class=\"h-global-transition-all ratio-inner\"><iframe src=https:\/\/www.youtube.com\/embed\/Ziip6_evNxU?autoplay=0&amp;mute=0&amp;modestbranding=0&amp;rel=0&amp;enablejsapi=1&amp; class='h-video-main'  allowfullscreen><\/iframe><\/div>\n                  <\/div>\n                <\/div>\n              <\/div>\n            <\/div>\n          <\/div>\n          <div class=\"h-column h-column-container d-flex h-col-lg-4 h-col-md-4 h-col-12 style-655-outer style-local-554-c36-outer\">\n            <div data-colibri-id=\"554-c36\" class=\"d-flex h-flex-basis h-column__inner h-px-lg-2 h-px-md-2 h-px-2 v-inner-lg-2 v-inner-md-2 v-inner-2 style-655 style-local-554-c36 position-relative\">\n              <!---->\n              <!---->\n              <div class=\"w-100 h-y-container h-column__content h-column__v-align flex-basis-100 align-self-lg-start align-self-md-start align-self-start\">\n                <!---->\n                <div data-colibri-component=\"video\" data-colibri-id=\"554-c37\" class=\"d-block h-video d-block h-video style-657 style-local-554-c37 position-relative h-element\">\n                  <!---->\n                  <!---->\n                  <div class=\"video-container position-relative\">\n                    <div class=\"h-global-transition-all ratio-inner\"><iframe src=https:\/\/www.youtube.com\/embed\/E3NQySVARr4?autoplay=0&amp;mute=0&amp;modestbranding=0&amp;rel=0&amp;enablejsapi=1&amp; class='h-video-main'  allowfullscreen><\/iframe><\/div>\n                  <\/div>\n                <\/div>\n              <\/div>\n            <\/div>\n          <\/div>\n        <\/div>\n      <\/div>\n    <\/div>\n  <\/div>\n<\/div>","protected":false},"excerpt":{"rendered":"<p>Hier finden Sie mein\ufeffe einzigartige und ungew\u00f6hnlichen Aufnahmen, aus welchen Blickwinkeln Sie die Schweiz sicher noch nicht gesehen haben. Zum Beispiel: Luzern als Geisterstadt im Lock Down. Oder wie w\u00e4re es mit dem ausgetrocknetem Sihlsee. Ich w\u00fcnsche viel Vergn\u00fcgen beim Anschauen. Ab zum YouTube Kanal!<\/p>\n","protected":false},"author":1,"featured_media":0,"parent":0,"menu_order":0,"comment_status":"closed","ping_status":"closed","template":"page-templates\/full-width-page.php","meta":{"footnotes":""},"_links":{"self":[{"href":"https:\/\/flying-drones.ch\/index.php?rest_route=\/wp\/v2\/pages\/554"}],"collection":[{"href":"https:\/\/flying-drones.ch\/index.php?rest_route=\/wp\/v2\/pages"}],"about":[{"href":"https:\/\/flying-drones.ch\/index.php?rest_route=\/wp\/v2\/types\/page"}],"author":[{"embeddable":true,"href":"https:\/\/flying-drones.ch\/index.php?rest_route=\/wp\/v2\/users\/1"}],"replies":[{"embeddable":true,"href":"https:\/\/flying-drones.ch\/index.php?rest_route=%2Fwp%2Fv2%2Fcomments&post=554"}],"version-history":[{"count":17,"href":"https:\/\/flying-drones.ch\/index.php?rest_route=\/wp\/v2\/pages\/554\/revisions"}],"predecessor-version":[{"id":1816,"href":"https:\/\/flying-drones.ch\/index.php?rest_route=\/wp\/v2\/pages\/554\/revisions\/1816"}],"wp:attachment":[{"href":"https:\/\/flying-drones.ch\/index.php?rest_route=%2Fwp%2Fv2%2Fmedia&parent=554"}],"curies":[{"name":"wp","href":"https:\/\/api.w.org\/{rel}","templated":true}]}}