{"id":547,"date":"2020-07-08T13:45:13","date_gmt":"2020-07-08T11:45:13","guid":{"rendered":"https:\/\/flying-drones.ch\/?page_id=547"},"modified":"2021-06-21T16:23:10","modified_gmt":"2021-06-21T14:23:10","slug":"ueber-mich","status":"publish","type":"page","link":"https:\/\/flying-drones.ch\/?page_id=547","title":{"rendered":"\u00dcber mich"},"content":{"rendered":"<div data-colibri-id=\"547-c1\" class=\"style-491 style-local-547-c1 position-relative\">\n  <!---->\n  <div data-colibri-component=\"section\" data-colibri-id=\"547-c2\" id=\"custom-2\" class=\"h-section h-section-global-spacing d-flex align-items-lg-center align-items-md-center align-items-center style-864 style-local-547-c2 position-relative\">\n    <!---->\n    <!---->\n    <div class=\"h-section-grid-container h-section-boxed-container\">\n      <!---->\n      <div data-colibri-id=\"547-c3\" class=\"h-row-container gutters-row-lg-1 gutters-row-md-1 gutters-row-0 gutters-row-v-lg-1 gutters-row-v-md-1 gutters-row-v-1 style-865 style-local-547-c3 position-relative\">\n        <!---->\n        <div class=\"h-row justify-content-lg-center justify-content-md-center justify-content-center align-items-lg-stretch align-items-md-stretch align-items-stretch gutters-col-lg-1 gutters-col-md-1 gutters-col-0 gutters-col-v-lg-1 gutters-col-v-md-1 gutters-col-v-1\">\n          <!---->\n          <div class=\"h-column h-column-container d-flex h-col-lg-auto h-col-md-auto h-col-auto style-866-outer style-local-547-c4-outer\">\n            <div data-colibri-id=\"547-c4\" class=\"d-flex h-flex-basis h-column__inner h-px-lg-2 h-px-md-2 h-px-2 v-inner-lg-2 v-inner-md-2 v-inner-2 style-866 style-local-547-c4 position-relative\">\n              <!---->\n              <!---->\n              <div class=\"w-100 h-y-container h-column__content h-column__v-align flex-basis-100 align-self-lg-start align-self-md-start align-self-start\">\n                <!---->\n                <div data-colibri-id=\"547-c5\" class=\"h-text h-text-component style-869 style-local-547-c5 position-relative h-element\">\n                  <!---->\n                  <!---->\n                  <div class=\"\">\n                    <p><span style=\"color: rgb(12, 12, 12);\">&nbsp;Hallo, ich heisse Luc. Ich bin schon seit einigen Jahren ein leidenschaftlicher Drohnenpilot. Nach ersten Erfahrungen mit einer Drohne wurde mir schnell klar, dass man mit Drohnen nicht nur Spass&nbsp;am&nbsp;Fliegen haben kann, sondern auch unz\u00e4hlige M\u00f6glichkeiten im Bereich der Fotografie und Videoherstellung bestehen. Bis heute habe ich bei mehr als 200 Flugstunden Erfahrungen sammeln k\u00f6nnen und es werden stetig mehr. Schauen Sie gerne&nbsp;einmal in meiner Galerie vorbei oder bei meinen YouTube-Videos.&nbsp;<\/span><\/p>\n                    <p><span style=\"color: rgb(12, 12, 12);\">Organisieren Sie einen speziellen Anlass oder sind Sie interessiert an einer pers\u00f6nlichen Schulung an Ihrer Drohne? Planen Sie selber eine Drohne anzuschaffen und ben\u00f6tigen fachkundige Beratung? Ben\u00f6tigen Sie spektakul\u00e4re Landschaftsaufnahmen, eine Luftaufnahme von Grundst\u00fccken oder Geb\u00e4uden. Dann kontaktieren Sie mich gerne via unterstehenden Kontaktformular.<\/span><\/p>\n                    <p><span style=\"color: rgb(12, 12, 12);\">Ich freue mich auf Ihren Besuch.<\/span><\/p>\n                    <p>\n                      <br>\n                    <\/p>\n                    <p>\n                      <br>\n                    <\/p>\n                    <p>\n                      <br>\n                    <\/p>\n                  <\/div>\n                <\/div>\n              <\/div>\n            <\/div>\n          <\/div>\n          <div class=\"h-column h-column-container d-flex h-col-lg-auto h-col-md-auto h-col-auto style-867-outer style-local-547-c6-outer\">\n            <div data-colibri-id=\"547-c6\" class=\"d-flex h-flex-basis h-column__inner h-px-lg-2 h-px-md-2 h-px-2 v-inner-lg-2 v-inner-md-2 v-inner-2 style-867 style-local-547-c6 position-relative\">\n              <!---->\n              <!---->\n              <div class=\"w-100 h-y-container h-column__content h-column__v-align flex-basis-100 align-self-lg-start align-self-md-start align-self-start\">\n                <!---->\n                <div data-colibri-id=\"547-c7\" class=\"d-block style-868 style-local-547-c7 position-relative h-element\">\n                  <!---->\n                  <div class=\"h-image__frame-container-outer\">\n                    <div class=\"h-image__frame-container\">\n                      <!---->\n                      <!---->\n                      <img decoding=\"async\" loading=\"lazy\" width=\"1482\" height=\"1920\" src=\"https:\/\/flying-drones.ch\/wp-content\/uploads\/2020\/07\/cropped-IMG_5782-scaled-1.jpg\" class=\"wp-image-113 style-868-image style-local-547-c7-image\" srcset=\"https:\/\/flying-drones.ch\/wp-content\/uploads\/2020\/07\/cropped-IMG_5782-scaled-1.jpg 1482w, https:\/\/flying-drones.ch\/wp-content\/uploads\/2020\/07\/cropped-IMG_5782-scaled-1-232x300.jpg 232w, https:\/\/flying-drones.ch\/wp-content\/uploads\/2020\/07\/cropped-IMG_5782-scaled-1-790x1024.jpg 790w, https:\/\/flying-drones.ch\/wp-content\/uploads\/2020\/07\/cropped-IMG_5782-scaled-1-768x995.jpg 768w, https:\/\/flying-drones.ch\/wp-content\/uploads\/2020\/07\/cropped-IMG_5782-scaled-1-1186x1536.jpg 1186w\" sizes=\"(max-width: 1482px) 100vw, 1482px\" alt=\"\" \/>\n                      <div class=\"h-image__frame h-hide-lg h-hide-md h-hide-sm style-868-frameImage style-local-547-c7-frameImage\"><\/div>\n                    <\/div>\n                  <\/div>\n                <\/div>\n              <\/div>\n            <\/div>\n          <\/div>\n        <\/div>\n      <\/div>\n    <\/div>\n  <\/div>\n<\/div>","protected":false},"excerpt":{"rendered":"<p>&nbsp;Hallo, ich heisse Luc. Ich bin schon seit einigen Jahren ein leidenschaftlicher Drohnenpilot. Nach ersten Erfahrungen mit einer Drohne wurde mir schnell klar, dass man mit Drohnen nicht nur Spass&nbsp;am&nbsp;Fliegen haben kann, sondern auch unz\u00e4hlige M\u00f6glichkeiten im Bereich der Fotografie und Videoherstellung bestehen. Bis heute habe ich bei mehr als 200 Flugstunden Erfahrungen sammeln k\u00f6nnen [&hellip;]<\/p>\n","protected":false},"author":1,"featured_media":0,"parent":0,"menu_order":0,"comment_status":"closed","ping_status":"closed","template":"page-templates\/full-width-page.php","meta":{"footnotes":""},"_links":{"self":[{"href":"https:\/\/flying-drones.ch\/index.php?rest_route=\/wp\/v2\/pages\/547"}],"collection":[{"href":"https:\/\/flying-drones.ch\/index.php?rest_route=\/wp\/v2\/pages"}],"about":[{"href":"https:\/\/flying-drones.ch\/index.php?rest_route=\/wp\/v2\/types\/page"}],"author":[{"embeddable":true,"href":"https:\/\/flying-drones.ch\/index.php?rest_route=\/wp\/v2\/users\/1"}],"replies":[{"embeddable":true,"href":"https:\/\/flying-drones.ch\/index.php?rest_route=%2Fwp%2Fv2%2Fcomments&post=547"}],"version-history":[{"count":14,"href":"https:\/\/flying-drones.ch\/index.php?rest_route=\/wp\/v2\/pages\/547\/revisions"}],"predecessor-version":[{"id":1864,"href":"https:\/\/flying-drones.ch\/index.php?rest_route=\/wp\/v2\/pages\/547\/revisions\/1864"}],"wp:attachment":[{"href":"https:\/\/flying-drones.ch\/index.php?rest_route=%2Fwp%2Fv2%2Fmedia&parent=547"}],"curies":[{"name":"wp","href":"https:\/\/api.w.org\/{rel}","templated":true}]}}