{"id":1324,"date":"2020-07-31T14:22:15","date_gmt":"2020-07-31T12:22:15","guid":{"rendered":"https:\/\/flying-drones.ch\/?page_id=1324"},"modified":"2020-07-31T15:08:44","modified_gmt":"2020-07-31T13:08:44","slug":"map","status":"publish","type":"page","link":"https:\/\/flying-drones.ch\/?page_id=1324","title":{"rendered":"Map"},"content":{"rendered":"<div data-colibri-id=\"1324-c1\" class=\"style-818 style-local-1324-c1 position-relative\">\n  <!---->\n  <div data-colibri-component=\"section\" data-colibri-id=\"1324-c2\" id=\"about\" class=\"h-section h-section-global-spacing d-flex align-items-lg-center align-items-md-center align-items-center style-824 style-local-1324-c2 position-relative\">\n    <div class=\"background-wrapper\">\n      <div class=\"background-layer background-layer-media-container-lg\">\n        <!---->\n        <div class=\"overlay-layer\">\n          <div class=\"overlay-image-layer\" style=\"background-color: rgb(255, 255, 255); opacity: 0.68;\"><\/div>\n        <\/div>\n      <\/div>\n      <div class=\"background-layer background-layer-media-container-md\">\n        <!---->\n        <div class=\"overlay-layer\">\n          <div class=\"overlay-image-layer\" style=\"background-color: rgb(255, 255, 255); opacity: 0.68;\"><\/div>\n        <\/div>\n      <\/div>\n      <div class=\"background-layer background-layer-media-container\">\n        <!---->\n        <div class=\"overlay-layer\">\n          <div class=\"overlay-image-layer\" style=\"background-color: rgb(255, 255, 255); opacity: 0.68;\"><\/div>\n        <\/div>\n      <\/div>\n    <\/div>\n    <!---->\n    <div class=\"h-section-grid-container h-section-boxed-container\">\n      <!---->\n      <div data-colibri-id=\"1324-c3\" class=\"h-row-container gutters-row-lg-0 gutters-row-md-0 gutters-row-0 gutters-row-v-lg-0 gutters-row-v-md-0 gutters-row-v-0 style-825 style-local-1324-c3 position-relative\">\n        <!---->\n        <div class=\"h-row justify-content-lg-center justify-content-md-center justify-content-center align-items-lg-stretch align-items-md-stretch align-items-stretch gutters-col-lg-0 gutters-col-md-0 gutters-col-0 gutters-col-v-lg-0 gutters-col-v-md-0 gutters-col-v-0\">\n          <!---->\n          <div class=\"h-column h-column-container d-flex h-col-lg-auto h-col-md-auto h-col-auto style-826-outer style-local-1324-c4-outer\">\n            <div data-colibri-id=\"1324-c4\" class=\"d-flex h-flex-basis h-column__inner h-ui-empty-state-container h-px-lg-0 h-px-md-0 h-px-0 v-inner-lg-0 v-inner-md-0 v-inner-0 style-826 style-local-1324-c4 position-relative\">\n              <!---->\n              <!---->\n              <div class=\"w-100 h-y-container h-column__content h-column__v-align flex-basis-100\">\n                <!---->\n              <\/div>\n            <\/div>\n          <\/div>\n          <div class=\"h-column h-column-container d-flex h-col-lg-auto h-col-md-auto h-col-auto style-827-outer style-local-1324-c5-outer\">\n            <div data-colibri-id=\"1324-c5\" class=\"d-flex h-flex-basis h-column__inner h-ui-empty-state-container h-px-lg-2 h-px-md-2 h-px-0 v-inner-lg-2 v-inner-md-2 v-inner-0 style-827 style-local-1324-c5 position-relative\">\n              <!---->\n              <!---->\n              <div class=\"w-100 h-y-container h-column__content h-column__v-align flex-basis-100\">\n                <!---->\n              <\/div>\n            <\/div>\n          <\/div>\n          <div class=\"h-column h-column-container d-flex h-col-lg-auto h-col-md-auto h-col-auto style-828-outer style-local-1324-c6-outer\">\n            <div data-colibri-id=\"1324-c6\" class=\"d-flex h-flex-basis h-column__inner h-px-lg-3 h-px-md-3 h-px-3 v-inner-lg-3 v-inner-md-3 v-inner-3 style-828 style-local-1324-c6 position-relative\">\n              <!---->\n              <!---->\n              <div class=\"w-100 h-y-container h-column__content h-column__v-align flex-basis-100 align-self-lg-center align-self-md-center align-self-center\">\n                <!---->\n                <div data-colibri-id=\"1324-c7\" class=\"h-global-transition-all h-heading style-829 style-local-1324-c7 position-relative h-element\">\n                  <!---->\n                  <div class=\"h-heading__outer style-829 style-local-1324-c7\">\n                    <!---->\n                    <!---->\n                    <h3 class=\"\">Entdecke die besten<em style=\"color: rgb(3, 169, 244); font-family: &quot;Playfair Display&quot;;\"><br>Drohnenlocations&nbsp;<\/em>der Schweiz<\/h3>\n                  <\/div>\n                <\/div>\n                <div data-colibri-id=\"1324-c8\" class=\"h-text h-text-component style-830 style-local-1324-c8 position-relative h-element\">\n                  <!---->\n                  <!---->\n                  <div class=\"\">\n                    <p>Wer kennt es nicht? Die lange Suche nach der perfekten Location f\u00fcr den n\u00e4chsten Drohnenflug. Hier findest du eine \u00dcbersicht mit meiner spektakul\u00e4rsten Flugstandorte. Klicke auf das Bild und du erf\u00e4hrst was du dort beachten musst.\n                      Schau vorbei!<\/p>\n                  <\/div>\n                <\/div>\n                <div data-colibri-id=\"1324-c9\" class=\"h-x-container style-831 style-local-1324-c9 position-relative h-element\">\n                  <!---->\n                  <div class=\"h-x-container-inner style-dynamic-1324-c9-group style-831-spacing style-local-1324-c9-spacing\"><span class=\"h-button__outer style-832-outer style-local-1324-c10-outer d-inline-flex h-element\"><a h-use-smooth-scroll=\"true\" href=\"https:\/\/www.google.com\/maps\/d\/edit?mid=1cg1mtYM8G424sfO9Mro7N4mdJbXbeBkT&amp;ll=46.47220978259458%2C7.878296200000019&amp;z=7\"  data-colibri-id=\"1324-c10\" class=\"d-flex w-100 align-items-center h-button justify-content-lg-center justify-content-md-center justify-content-center style-832 style-local-1324-c10 position-relative\"><!----><!----> <span>Zur Locationmap<\/span><\/a>\n                    <\/span>\n                  <\/div>\n                <\/div>\n              <\/div>\n            <\/div>\n          <\/div>\n        <\/div>\n      <\/div>\n    <\/div>\n  <\/div>\n<\/div>","protected":false},"excerpt":{"rendered":"<p>Entdecke die bestenDrohnenlocations&nbsp;der Schweiz Wer kennt es nicht? Die lange Suche nach der perfekten Location f\u00fcr den n\u00e4chsten Drohnenflug. Hier findest du eine \u00dcbersicht mit meiner spektakul\u00e4rsten Flugstandorte. Klicke auf das Bild und du erf\u00e4hrst was du dort beachten musst. Schau vorbei! Zur Locationmap<\/p>\n","protected":false},"author":1,"featured_media":0,"parent":0,"menu_order":0,"comment_status":"closed","ping_status":"closed","template":"page-templates\/full-width-page.php","meta":{"footnotes":""},"_links":{"self":[{"href":"https:\/\/flying-drones.ch\/index.php?rest_route=\/wp\/v2\/pages\/1324"}],"collection":[{"href":"https:\/\/flying-drones.ch\/index.php?rest_route=\/wp\/v2\/pages"}],"about":[{"href":"https:\/\/flying-drones.ch\/index.php?rest_route=\/wp\/v2\/types\/page"}],"author":[{"embeddable":true,"href":"https:\/\/flying-drones.ch\/index.php?rest_route=\/wp\/v2\/users\/1"}],"replies":[{"embeddable":true,"href":"https:\/\/flying-drones.ch\/index.php?rest_route=%2Fwp%2Fv2%2Fcomments&post=1324"}],"version-history":[{"count":10,"href":"https:\/\/flying-drones.ch\/index.php?rest_route=\/wp\/v2\/pages\/1324\/revisions"}],"predecessor-version":[{"id":1386,"href":"https:\/\/flying-drones.ch\/index.php?rest_route=\/wp\/v2\/pages\/1324\/revisions\/1386"}],"wp:attachment":[{"href":"https:\/\/flying-drones.ch\/index.php?rest_route=%2Fwp%2Fv2%2Fmedia&parent=1324"}],"curies":[{"name":"wp","href":"https:\/\/api.w.org\/{rel}","templated":true}]}}